{"id":2,"date":"2016-05-10T03:48:21","date_gmt":"2016-05-10T03:48:21","guid":{"rendered":"http:\/\/franzjhirner.com\/?page_id=2"},"modified":"2025-01-28T14:05:40","modified_gmt":"2025-01-28T14:05:40","slug":"sample-page","status":"publish","type":"page","link":"https:\/\/franzjhirner.com\/?page_id=2","title":{"rendered":"Expertise"},"content":{"rendered":"\n<div class=\"wp-block-group is-vertical is-layout-flex wp-container-core-group-is-layout-2 wp-block-group-is-layout-flex\">\n<div class=\"wp-block-group is-vertical is-layout-flex wp-container-core-group-is-layout-1 wp-block-group-is-layout-flex\">\n<p>Ich unterst\u00fctze Sie in allen Fragen zur Filmfinanzierung durch F\u00f6rderung und internationale Co-Produktion<\/p>\n\n\n\n<p>Zudem berate ich Sie zur Projektplanung und Durchf\u00fchrung komplexer Projekte, z.B. bei Auslandsdreharbeiten<\/p>\n\n\n\n<p class=\"has-medium-font-size\"><strong>KALKULATION &amp; CONTROLLING<\/strong><br><br>Auftrags- und Co-Produktionen<br>Kalkulationserstellung sowie strategische Anpassung an die<br>Anforderungen von F\u00f6rderungen und int. Co-Produzenten<br>\u00dcberwachung und Controlling der Produktionsbudgets<\/p>\n\n\n\n<p class=\"has-medium-font-size\"><strong>FINANZIERUNG &amp; F\u00d6RDERUNG<\/strong><\/p>\n\n\n\n<p class=\"has-medium-font-size\">F\u00f6rderung Entwicklung und Produktion:<br>&#8211; Regionale F\u00f6rderungen <br>(z.B. FFF Bayern, MFG Baden-W\u00fcrttemberg&#8230;)<br>&#8211; Nationale F\u00f6rderung <br>(BKM, FFA, DFF, GMPF)<br>&#8211; Europ\u00e4ische F\u00f6rderung <br>(EURIMAGES, CREATIVE EUROPE MEDIA)<br>&#8211; Ausl\u00e4ndische Cash-Rebate-F\u00f6rderung f\u00fcr <br>dokumentarische und Re-Enactment-Drehs<br>&#8211; F\u00f6rderung Filmerbe der FFA<br>&#8211; Antragstellung, Controlling und Auditing<\/p>\n\n\n\n<p class=\"has-medium-font-size\"><strong>Internationale Co-Produktion:<\/strong><br>&#8211; Finanzierungsstrategie:<br>Suche &amp; Auswahl ausl\u00e4ndischer Sender und Co-Produzenten<br>&#8211; Erstellung Co-Produktions-Vertr\u00e4ge, R\u00fcckflussmodelle etc.<br>&#8211; BARTER-Deals: z. B. Unterst\u00fctzung durch Tourismusb\u00fcros<\/p>\n\n\n\n<p class=\"has-medium-font-size\"><strong>PROJEKTPLANUNG &amp; DURCHF\u00dcHRUNG<\/strong><\/p>\n\n\n\n<p class=\"has-medium-font-size\">u. a. Auslandsprojekte, Dreh in Krisengebieten <br>&amp; Investigative Dokumentarfilme<br>-Dreh- und Arbeitsgenehmigungen, Zoll- und Visafragen<\/p>\n\n\n\n<p class=\"has-medium-font-size\"><strong>ADMINISTRATION<\/strong><\/p>\n\n\n\n<p class=\"has-medium-font-size\">Filmversicherungen: Risikomanagement &amp; Schadensabwicklung<br>Verwertungsgesellschaften &amp; Collecting Agents<br>Archiv- und Musikrechte<\/p>\n<\/div>\n\n\n\n<p><\/p>\n<\/div>\n","protected":false},"excerpt":{"rendered":"<p>Ich unterst\u00fctze Sie in allen Fragen zur Filmfinanzierung durch F\u00f6rderung und internationale Co-Produktion Zudem berate ich Sie zur Projektplanung und Durchf\u00fchrung komplexer Projekte, z.B. bei Auslandsdreharbeiten KALKULATION &amp; CONTROLLING Auftrags- und Co-ProduktionenKalkulationserstellung sowie strategische Anpassung an dieAnforderungen von F\u00f6rderungen und int. Co-Produzenten\u00dcberwachung und Controlling der Produktionsbudgets FINANZIERUNG &amp; F\u00d6RDERUNG F\u00f6rderung Entwicklung und Produktion:&#8211; Regionale F\u00f6rderungen [&hellip;]<\/p>\n","protected":false},"author":1,"featured_media":0,"parent":0,"menu_order":0,"comment_status":"closed","ping_status":"open","template":"","meta":{"footnotes":""},"class_list":["post-2","page","type-page","status-publish","hentry"],"_links":{"self":[{"href":"https:\/\/franzjhirner.com\/index.php?rest_route=\/wp\/v2\/pages\/2","targetHints":{"allow":["GET"]}}],"collection":[{"href":"https:\/\/franzjhirner.com\/index.php?rest_route=\/wp\/v2\/pages"}],"about":[{"href":"https:\/\/franzjhirner.com\/index.php?rest_route=\/wp\/v2\/types\/page"}],"author":[{"embeddable":true,"href":"https:\/\/franzjhirner.com\/index.php?rest_route=\/wp\/v2\/users\/1"}],"replies":[{"embeddable":true,"href":"https:\/\/franzjhirner.com\/index.php?rest_route=%2Fwp%2Fv2%2Fcomments&post=2"}],"version-history":[{"count":4,"href":"https:\/\/franzjhirner.com\/index.php?rest_route=\/wp\/v2\/pages\/2\/revisions"}],"predecessor-version":[{"id":45,"href":"https:\/\/franzjhirner.com\/index.php?rest_route=\/wp\/v2\/pages\/2\/revisions\/45"}],"wp:attachment":[{"href":"https:\/\/franzjhirner.com\/index.php?rest_route=%2Fwp%2Fv2%2Fmedia&parent=2"}],"curies":[{"name":"wp","href":"https:\/\/api.w.org\/{rel}","templated":true}]}}